{"id":1268,"date":"2018-01-12T15:40:47","date_gmt":"2018-01-12T14:40:47","guid":{"rendered":"http:\/\/ibmueller.com\/rotorq_wordpress\/?page_id=1268"},"modified":"2020-11-02T15:07:14","modified_gmt":"2020-11-02T14:07:14","slug":"keywords","status":"publish","type":"page","link":"https:\/\/rotorlab.de\/en\/keywords\/","title":{"rendered":"KeyWords"},"content":{"rendered":"<p><a href=\"http:\/\/rotorlab.de\/prueftechnikprodukte\/\">Akkumulatorpr\u00fcfstand<\/a><\/p>\n<p><a href=\"http:\/\/rotorlab.de\/prueftechnikprodukte\/\">Akkumulatorenpr\u00fcfst\u00e4nde<\/a><\/p>\n<p><a href=\"http:\/\/rotorlab.de\/prueftechnikprodukte\/\">Komponentenpr\u00fcfstand<\/a><\/p>\n<p><a href=\"http:\/\/rotorlab.de\/prueftechnikprodukte\/\">Komponentenpr\u00fcfst\u00e4nde<\/a><\/p>\n<p><a href=\"http:\/\/rotorlab.de\/prueftechnikprodukte\/\">Integrierte Pr\u00fcffelder<\/a><\/p>\n<p><a href=\"http:\/\/rotorLab.de\/rotorLab_wordpress\/dienstleistungen\/\">Wuchten<\/a><\/p>\n","protected":false},"excerpt":{"rendered":"<p>Akkumulatorpr\u00fcfstand Akkumulatorenpr\u00fcfst\u00e4nde Komponentenpr\u00fcfstand Komponentenpr\u00fcfst\u00e4nde Integrierte Pr\u00fcffelder Wuchten<\/p>\n","protected":false},"author":1,"featured_media":0,"parent":0,"menu_order":0,"comment_status":"closed","ping_status":"closed","template":"","meta":{"footnotes":""},"class_list":["post-1268","page","type-page","status-publish","hentry","post"],"_links":{"self":[{"href":"https:\/\/rotorlab.de\/en\/wp-json\/wp\/v2\/pages\/1268","targetHints":{"allow":["GET"]}}],"collection":[{"href":"https:\/\/rotorlab.de\/en\/wp-json\/wp\/v2\/pages"}],"about":[{"href":"https:\/\/rotorlab.de\/en\/wp-json\/wp\/v2\/types\/page"}],"author":[{"embeddable":true,"href":"https:\/\/rotorlab.de\/en\/wp-json\/wp\/v2\/users\/1"}],"replies":[{"embeddable":true,"href":"https:\/\/rotorlab.de\/en\/wp-json\/wp\/v2\/comments?post=1268"}],"version-history":[{"count":10,"href":"https:\/\/rotorlab.de\/en\/wp-json\/wp\/v2\/pages\/1268\/revisions"}],"predecessor-version":[{"id":1564,"href":"https:\/\/rotorlab.de\/en\/wp-json\/wp\/v2\/pages\/1268\/revisions\/1564"}],"wp:attachment":[{"href":"https:\/\/rotorlab.de\/en\/wp-json\/wp\/v2\/media?parent=1268"}],"curies":[{"name":"wp","href":"https:\/\/api.w.org\/{rel}","templated":true}]}}