{"id":24,"date":"2016-06-02T15:08:05","date_gmt":"2016-06-02T13:08:05","guid":{"rendered":"http:\/\/ibmueller.com\/rotorq_wordpress\/?page_id=24"},"modified":"2020-11-18T12:07:23","modified_gmt":"2020-11-18T11:07:23","slug":"prueftechnikprodukte","status":"publish","type":"page","link":"https:\/\/rotorlab.de\/en\/prueftechnikprodukte\/","title":{"rendered":"Pr\u00fcftechnik+Produkte"},"content":{"rendered":"<div id=\"pl-24\"  class=\"panel-layout\" ><div id=\"pg-24-0\"  class=\"panel-grid panel-no-style\" ><div id=\"pgc-24-0-0\"  class=\"panel-grid-cell\" ><div id=\"panel-24-0-0-0\" class=\"so-panel widget widget_sow-image panel-first-child\" data-index=\"0\" ><div\n\t\t\t\n\t\t\tclass=\"so-widget-sow-image so-widget-sow-image-default-c67d20f9f743-24\"\n\t\t\t\n\t\t>\n<div class=\"sow-image-container\">\n\t\t<img \n\tsrc=\"https:\/\/rotorlab.de\/wp-content\/uploads\/2016\/06\/fotolia_83022272.jpg\" width=\"500\" height=\"334\" srcset=\"https:\/\/rotorlab.de\/wp-content\/uploads\/2016\/06\/fotolia_83022272.jpg 500w, https:\/\/rotorlab.de\/wp-content\/uploads\/2016\/06\/fotolia_83022272-300x200.jpg 300w, https:\/\/rotorlab.de\/wp-content\/uploads\/2016\/06\/fotolia_83022272-272x182.jpg 272w\" sizes=\"(max-width: 500px) 100vw, 500px\" alt=\"\" \t\tclass=\"so-widget-image\"\/>\n\t<\/div>\n\n<\/div><\/div><div id=\"panel-24-0-0-1\" class=\"so-panel widget widget_toggles panel-last-child\" data-index=\"1\" ><div\n\t\t\t\n\t\t\tclass=\"so-widget-toggles so-widget-toggles-toggles-style-69b4949913c0-24\"\n\t\t\t\n\t\t>\r\n\r\n\r\n\r\n<div class=\"soua-main\">\r\n        <div class=\"soua-accordion\">\r\n        <a class=\"soua-accordion-title \">\r\n        <div class=\" left_b  bg \">\r\n        \r\n        \t\r\n                <div class=\"soua-accordion-icon-left\">\r\n        <span class=\"sow-icon-fontawesome sow-far\" data-sow-icon=\"&#xf07c;\"\n\t\t \n\t\taria-hidden=\"true\"><\/span>        <\/div>\r\n    \t    \t\r\n        Komponentenpr\u00fcfst\u00e4nde\r\n        \r\n    \t<\/div>\r\n        <\/a>\r\n        <div class=\"soua-accordion-content\"  style=\"padding: 15px\"; > <p><strong>Leistungspr\u00fcfst\u00e4nde Rotationssysteme:<\/strong><br \/>\n&gt; f\u00fcr Elektromobilit\u00e4t<br \/>\n&gt; f\u00fcr elektrische Antriebe<br \/>\n&gt; f\u00fcr elektrische Flugantriebe<br \/>\n&gt; f\u00fcr hybrid-elektrische Flugantriebe<br \/>\n&gt; f\u00fcr Schwungradsysteme<\/p>\n<p>Leistungsklassen bis 2 MW pro Einzelaggregat (auf Anfrage h\u00f6here Leistungen)<\/p>\n<p>Leistungspr\u00fcfst\u00e4nde f\u00fcr Hochdrehzahlantriebe bis 60.000 U\/min<\/p>\n<p>Kombinierte Pr\u00fcfst\u00e4nde mit elektrischen Motoren\/Generatoren sowie mit integriertem Inverter oder separatem Aviation-Inverter<\/p>\n<p>Sonderpr\u00fcfst\u00e4nde f\u00fcr hybrid-elektrische Aviation-Antriebe und Generatoren<\/p>\n<p>Pr\u00fcfstandsautomatisierung f\u00fcr Niedrig- und Hochdrehzahlanwendungen<\/p>\n<p><strong>Rotationspr\u00fcfst\u00e4nde f\u00fcr:<\/strong><br \/>\nHochdrehzahlantriebswellen und -antriebsstr\u00e4nge<\/p>\n<p>Integrierte Wellen f\u00fcr elektrische und hybrid-elektrische Antriebe<\/p>\n<p>Hochdrehzahlmaschinenelemente, z.B. Kupplungen, Flansche, Messwellen<\/p>\n<p>&nbsp;<\/p>\n<\/div>\r\n    <\/div>\r\n    <\/div><!-- \/ accordion -->\r\n\r\n<\/div><\/div><\/div><div id=\"pgc-24-0-1\"  class=\"panel-grid-cell\" ><div id=\"panel-24-0-1-0\" class=\"so-panel widget widget_sow-image panel-first-child\" data-index=\"2\" ><div\n\t\t\t\n\t\t\tclass=\"so-widget-sow-image so-widget-sow-image-default-c67d20f9f743-24\"\n\t\t\t\n\t\t>\n<div class=\"sow-image-container\">\n\t\t<img \n\tsrc=\"https:\/\/rotorlab.de\/wp-content\/uploads\/2020\/11\/IbM-rotorLab-Container-Bib-Webformat-scaled.jpg\" width=\"2560\" height=\"1710\" srcset=\"https:\/\/rotorlab.de\/wp-content\/uploads\/2020\/11\/IbM-rotorLab-Container-Bib-Webformat-scaled.jpg 2560w, https:\/\/rotorlab.de\/wp-content\/uploads\/2020\/11\/IbM-rotorLab-Container-Bib-Webformat-300x200.jpg 300w, https:\/\/rotorlab.de\/wp-content\/uploads\/2020\/11\/IbM-rotorLab-Container-Bib-Webformat-1024x684.jpg 1024w, https:\/\/rotorlab.de\/wp-content\/uploads\/2020\/11\/IbM-rotorLab-Container-Bib-Webformat-768x513.jpg 768w, https:\/\/rotorlab.de\/wp-content\/uploads\/2020\/11\/IbM-rotorLab-Container-Bib-Webformat-1536x1026.jpg 1536w, https:\/\/rotorlab.de\/wp-content\/uploads\/2020\/11\/IbM-rotorLab-Container-Bib-Webformat-2048x1368.jpg 2048w, https:\/\/rotorlab.de\/wp-content\/uploads\/2020\/11\/IbM-rotorLab-Container-Bib-Webformat-272x182.jpg 272w\" sizes=\"(max-width: 2560px) 100vw, 2560px\" title=\"IbM rotorLab Container Bib Webformat\" alt=\"\" \t\tclass=\"so-widget-image\"\/>\n\t<\/div>\n\n<\/div><\/div><div id=\"panel-24-0-1-1\" class=\"so-panel widget widget_toggles panel-last-child\" data-index=\"3\" ><div\n\t\t\t\n\t\t\tclass=\"so-widget-toggles so-widget-toggles-toggles-style-69b4949913c0-24\"\n\t\t\t\n\t\t>\r\n\r\n\r\n\r\n<div class=\"soua-main\">\r\n        <div class=\"soua-accordion\">\r\n        <a class=\"soua-accordion-title \">\r\n        <div class=\" left_b  bg \">\r\n        \r\n        \t\r\n                <div class=\"soua-accordion-icon-left\">\r\n        <span class=\"sow-icon-fontawesome sow-far\" data-sow-icon=\"&#xf07c;\"\n\t\t \n\t\taria-hidden=\"true\"><\/span>        <\/div>\r\n    \t    \t\r\n        Akkumulatorenpr\u00fcfst\u00e4nde\r\n        \r\n    \t<\/div>\r\n        <\/a>\r\n        <div class=\"soua-accordion-content\"  style=\"padding: 15px\"; > <p><strong>Einzelpr\u00fcfst\u00e4nde f\u00fcr Batterien:<\/strong><\/p>\n<ul>\n<li>Automatisiertes Laden und Entladen in mobilen Thermokammern (nicht brennbare K\u00e4ltemittel R744 im Bereich von -30\u00b0C bis +60\u00b0C) f\u00fcr Referenzmessungen und Dauerzyklus-Erprobung<\/li>\n<\/ul>\n<ul>\n<li>Fahr- bzw. Missionssimulation zur HiL-Erprobung von Batteriesystemen (Hardware-in-the-loop)<\/li>\n<\/ul>\n<p>&nbsp;<\/p>\n<\/div>\r\n    <\/div>\r\n    <\/div><!-- \/ accordion -->\r\n\r\n<\/div><\/div><\/div><div id=\"pgc-24-0-2\"  class=\"panel-grid-cell\" ><div id=\"panel-24-0-2-0\" class=\"so-panel widget widget_sow-image panel-first-child\" data-index=\"4\" ><div\n\t\t\t\n\t\t\tclass=\"so-widget-sow-image so-widget-sow-image-default-46c7616ffdb5-24\"\n\t\t\t\n\t\t>\n<div class=\"sow-image-container\">\n\t\t<img \n\tsrc=\"https:\/\/rotorlab.de\/wp-content\/uploads\/2017\/06\/Fotolia_136150996_XS-e1496847548233.jpg\" width=\"381\" height=\"254\" srcset=\"https:\/\/rotorlab.de\/wp-content\/uploads\/2017\/06\/Fotolia_136150996_XS-e1496847548233.jpg 381w, https:\/\/rotorlab.de\/wp-content\/uploads\/2017\/06\/Fotolia_136150996_XS-e1496847548233-300x200.jpg 300w, https:\/\/rotorlab.de\/wp-content\/uploads\/2017\/06\/Fotolia_136150996_XS-e1496847548233-272x182.jpg 272w\" sizes=\"(max-width: 381px) 100vw, 381px\" title=\"Businessman on blurred background connecting worlds to icons and applications software 3D rendering\" alt=\"\" \t\tclass=\"so-widget-image\"\/>\n\t<\/div>\n\n<\/div><\/div><div id=\"panel-24-0-2-1\" class=\"so-panel widget widget_toggles panel-last-child\" data-index=\"5\" ><div\n\t\t\t\n\t\t\tclass=\"so-widget-toggles so-widget-toggles-toggles-style-69b4949913c0-24\"\n\t\t\t\n\t\t>\r\n\r\n\r\n\r\n<div class=\"soua-main\">\r\n        <div class=\"soua-accordion\">\r\n        <a class=\"soua-accordion-title \">\r\n        <div class=\" left_b  bg \">\r\n        \r\n        \t\r\n                <div class=\"soua-accordion-icon-left\">\r\n        <span class=\"sow-icon-fontawesome sow-far\" data-sow-icon=\"&#xf07c;\"\n\t\t \n\t\taria-hidden=\"true\"><\/span>        <\/div>\r\n    \t    \t\r\n        Integrierte Pr\u00fcffelder\r\n        \r\n    \t<\/div>\r\n        <\/a>\r\n        <div class=\"soua-accordion-content\"  style=\"padding: 15px\"; > <p><strong>Integrierte Pr\u00fcffelder zur simultanen fahr- bzw. missionsbezogenen Erprobung aller Komponenten<\/strong><br \/>\n&gt; Vollst\u00e4ndige thermische und lastbezogene Fahr- bzw. Missionssimulation<br \/>\n&gt; HiL-Erprobung von Fastcharging-Systemen<br \/>\n&gt; HiL-Erprobung von Invertern ( Aviation --&gt; AV-Inverter, Automotive --&gt; Traktions-Inverter)<\/p>\n<p><strong>Gleichstrom- und Wechselstromversorgung von Pr\u00fcffeldern f\u00fcr elektrische Antriebe<\/strong><\/p>\n<p>&gt; Batteriesimulation durch Gleichrichtung von Netzstrom<br \/>\n&gt; Batteriesimulation durch hybride Stromversorgung (eigene Batteriespeicher und Netz)<br \/>\n&gt; Minimierung der R\u00fcckspeisung ins Netz durch eigene Batteriespeichersysteme im Gleichstromkreis des Pr\u00fcffeldes<br \/>\n(Skalierbare Module von 250kWh - 2MWh)<br \/>\n&gt; Station\u00e4re Wechselrichter f\u00fcr elektrische Antriebe<br \/>\n&gt; Integration zur Pr\u00fcfstandsautomatisierung.<\/p>\n<\/div>\r\n    <\/div>\r\n    <\/div><!-- \/ accordion -->\r\n\r\n<\/div><\/div><\/div><\/div><div id=\"pg-24-1\"  class=\"panel-grid panel-no-style\" ><div id=\"pgc-24-1-0\"  class=\"panel-grid-cell panel-grid-cell-empty\" ><\/div><div id=\"pgc-24-1-1\"  class=\"panel-grid-cell panel-grid-cell-empty panel-grid-cell-mobile-last\" ><\/div><div id=\"pgc-24-1-2\"  class=\"panel-grid-cell panel-grid-cell-empty\" ><\/div><\/div><\/div>","protected":false},"excerpt":{"rendered":"<p>Komponentenpr\u00fcfst\u00e4nde Leistungspr\u00fcfst\u00e4nde Rotationssysteme: &gt; f\u00fcr Elektromobilit\u00e4t &gt; f\u00fcr elektrische Antriebe &gt; f\u00fcr elektrische Flugantriebe &gt; f\u00fcr hybrid-elektrische Flugantriebe &gt; f\u00fcr Schwungradsysteme Leistungsklassen bis 2 MW pro Einzelaggregat (auf Anfrage h\u00f6here Leistungen) Leistungspr\u00fcfst\u00e4nde f\u00fcr Hochdrehzahlantriebe bis 60.000 U\/min Kombinierte Pr\u00fcfst\u00e4nde mit elektrischen Motoren\/Generatoren sowie mit [&hellip;]<\/p>\n","protected":false},"author":1,"featured_media":0,"parent":0,"menu_order":0,"comment_status":"closed","ping_status":"closed","template":"","meta":{"footnotes":""},"class_list":["post-24","page","type-page","status-publish","hentry","post"],"_links":{"self":[{"href":"https:\/\/rotorlab.de\/en\/wp-json\/wp\/v2\/pages\/24","targetHints":{"allow":["GET"]}}],"collection":[{"href":"https:\/\/rotorlab.de\/en\/wp-json\/wp\/v2\/pages"}],"about":[{"href":"https:\/\/rotorlab.de\/en\/wp-json\/wp\/v2\/types\/page"}],"author":[{"embeddable":true,"href":"https:\/\/rotorlab.de\/en\/wp-json\/wp\/v2\/users\/1"}],"replies":[{"embeddable":true,"href":"https:\/\/rotorlab.de\/en\/wp-json\/wp\/v2\/comments?post=24"}],"version-history":[{"count":215,"href":"https:\/\/rotorlab.de\/en\/wp-json\/wp\/v2\/pages\/24\/revisions"}],"predecessor-version":[{"id":1602,"href":"https:\/\/rotorlab.de\/en\/wp-json\/wp\/v2\/pages\/24\/revisions\/1602"}],"wp:attachment":[{"href":"https:\/\/rotorlab.de\/en\/wp-json\/wp\/v2\/media?parent=24"}],"curies":[{"name":"wp","href":"https:\/\/api.w.org\/{rel}","templated":true}]}}