{"id":751,"date":"2017-03-12T12:44:38","date_gmt":"2017-03-12T11:44:38","guid":{"rendered":"http:\/\/ibmueller.com\/rotorq_wordpress\/?page_id=751"},"modified":"2020-11-02T20:53:42","modified_gmt":"2020-11-02T19:53:42","slug":"home","status":"publish","type":"page","link":"https:\/\/rotorlab.de\/en\/","title":{"rendered":"Home"},"content":{"rendered":"<div id=\"pl-751\"  class=\"panel-layout\" ><div id=\"pg-751-0\"  class=\"panel-grid panel-no-style\" ><div id=\"pgc-751-0-0\"  class=\"panel-grid-cell\" ><div id=\"panel-751-0-0-0\" class=\"so-panel widget widget_sow-image panel-first-child\" data-index=\"0\" ><div\n\t\t\t\n\t\t\tclass=\"so-widget-sow-image so-widget-sow-image-default-8b5b6f678277-751\"\n\t\t\t\n\t\t>\n<div class=\"sow-image-container\">\n\t\t\t<a href=\"https:\/\/rotorlab.de\/en\/prueftechnikprodukte\/\"\n\t\t\t\t\t>\n\t\t\t<img \n\tsrc=\"https:\/\/rotorlab.de\/wp-content\/uploads\/2017\/06\/Fotolia_115511688_S.jpg\" width=\"846\" height=\"539\" srcset=\"https:\/\/rotorlab.de\/wp-content\/uploads\/2017\/06\/Fotolia_115511688_S.jpg 846w, https:\/\/rotorlab.de\/wp-content\/uploads\/2017\/06\/Fotolia_115511688_S-300x191.jpg 300w, https:\/\/rotorlab.de\/wp-content\/uploads\/2017\/06\/Fotolia_115511688_S-768x489.jpg 768w\" sizes=\"(max-width: 846px) 100vw, 846px\" title=\"System.\" alt=\"\" \t\tclass=\"so-widget-image\"\/>\n\t\t\t<\/a><\/div>\n\n<\/div><\/div><div id=\"panel-751-0-0-1\" class=\"so-panel widget widget_text\" data-index=\"1\" ><h3 class=\"widget-title\">Pr\u00fcftechnik+Produkte<\/h3>\t\t\t<div class=\"textwidget\"><p>rotorLab hat sich auf die Entwicklung von Hochdrehzahl-Pr\u00fcfst\u00e4nden und integrierten Pr\u00fcffeldern f\u00fcr elektrische und hybrid-elektrische Antriebssysteme konzentriert. S\u00e4mtliche Einzelkomponenten und Module elektrischer Antriebe (Wellen, Rotoren, Motoren, Inverter und Batteriesysteme sowie Spezialanwendungen) werden auf HiL-Pr\u00fcfst\u00e4nden von rotorLab (Hardware-in-the-Loop) erprobt. <\/p>\n<p>Die Rotationspr\u00fcfst\u00e4nde f\u00fcr die Bereiche bis 30.000 U\/min und bis \u00fcber 60.000 U\/min verf\u00fcgen \u00fcber Antriebssysteme von rotorLab, die neben hochdynamischem Vierquadrantenbetrieb auch Pr\u00e4zisionsmessungen \u00fcber den gesamten Drehzahlbereich hinweg erm\u00f6glichen.  <\/p>\n<p>F\u00fcr den effizienten Pr\u00fcfstandsbetrieb setzt rotorLab ein propriet\u00e4res, hochpr\u00e4zises Schnellkupplungssystem ein, das den sicheren und pr\u00e4zisen Wechsel von Pr\u00fcflingen (Wellen und Rotoren) sowie Messnaben gew\u00e4hrleistet.<\/p>\n<p>F\u00fcr unsere Kunden bieten wir diese Systeme ebenfalls an, um in Pr\u00fcftechnikanlagen das Zusammenspiel verschiedener Maschinenelemente im Antriebsstrang bis zum Pr\u00fcfling pr\u00e4zise und zuverl\u00e4ssig im Produktions- bzw. Pr\u00fcfbetrieb zu gew\u00e4hrleisten.<\/p>\n<p>Der Einsatz der hochwertigsten Komponenten und Messtechniken erwies sich in der Vergangenheit f\u00fcr hochkomplexe Zusammenh\u00e4nge in Hochdrehzahl-Antriebsstr\u00e4ngen bzgl. der Schwingungsmesstechnik (NVH) als wegweisend. Dies gelingt rotorLab mit eigenen, einzigartigen Kompetenzen und einem aktiven Netzwerk hochspezialisierter Partner.<\/p>\n<p>Pr\u00fcfst\u00e4nde und Pr\u00fcffelder von rotorLab k\u00f6nnen \u00fcber integrierte Zwischenkreise mit eigener Gleichstromversorgung (Batteriesimulation) und Batteriespeichern verbunden werden, um optimale Umfeldbedingungen darzustellen und die kostenintensive R\u00fcckspeisung des Betriebsstroms zu vermeiden. <\/p>\n<p>S\u00e4mtliche Pr\u00fcfst\u00e4nde sind mit anlagenspezifischer Sicherheitstechnik und mit Notlaufsystemen ausgestattet. Zus\u00e4tzlich werden spezifische Berstschutz- und Kupplungselemente entwickelt, um auch den Dimensionen  und Risiken von anspruchsvollen Komponenten Rechnung zu tragen.   <\/p>\n<\/div>\n\t\t<\/div><div id=\"panel-751-0-0-2\" class=\"so-panel widget widget_sow-button\" data-index=\"2\" ><div\n\t\t\t\n\t\t\tclass=\"so-widget-sow-button so-widget-sow-button-flat-84b6222974b8-751\"\n\t\t\t\n\t\t><div class=\"ow-button-base ow-button-align-justify\"\n style=\"display: block;\">\n\t\t\t<a\n\t\t\t\t\thref=\"https:\/\/rotorlab.de\/en\/prueftechnikprodukte\/\"\n\t\t\t\t\tclass=\"sowb-button ow-icon-placement-left ow-button-hover\" \t>\n\t\t<span>\n\t\t\t<span class=\"sow-icon-fontawesome sow-fas\" data-sow-icon=\"&#xf061;\"\n\t\tstyle=\"color: #ffffff\" \n\t\taria-hidden=\"true\"><\/span>\n\t\t\tKomponentenpr\u00fcfst\u00e4nde\t\t<\/span>\n\t\t\t<\/a>\n\t<\/div>\n<\/div><\/div><div id=\"panel-751-0-0-3\" class=\"so-panel widget widget_sow-button\" data-index=\"3\" ><div\n\t\t\t\n\t\t\tclass=\"so-widget-sow-button so-widget-sow-button-flat-84b6222974b8-751\"\n\t\t\t\n\t\t><div class=\"ow-button-base ow-button-align-justify\"\n style=\"display: block;\">\n\t\t\t<a\n\t\t\t\t\thref=\"https:\/\/rotorlab.de\/en\/prueftechnikprodukte\/\"\n\t\t\t\t\tclass=\"sowb-button ow-icon-placement-left ow-button-hover\" \t>\n\t\t<span>\n\t\t\t<span class=\"sow-icon-fontawesome sow-fas\" data-sow-icon=\"&#xf061;\"\n\t\tstyle=\"color: #ffffff\" \n\t\taria-hidden=\"true\"><\/span>\n\t\t\tAkkumulatorenpr\u00fcfst\u00e4nde\t\t<\/span>\n\t\t\t<\/a>\n\t<\/div>\n<\/div><\/div><div id=\"panel-751-0-0-4\" class=\"so-panel widget widget_sow-button panel-last-child\" data-index=\"4\" ><div\n\t\t\t\n\t\t\tclass=\"so-widget-sow-button so-widget-sow-button-flat-84b6222974b8-751\"\n\t\t\t\n\t\t><div class=\"ow-button-base ow-button-align-justify\"\n style=\"display: block;\">\n\t\t\t<a\n\t\t\t\t\thref=\"https:\/\/rotorlab.de\/en\/prueftechnikprodukte\/\"\n\t\t\t\t\tclass=\"sowb-button ow-icon-placement-left ow-button-hover\" \t>\n\t\t<span>\n\t\t\t<span class=\"sow-icon-fontawesome sow-fas\" data-sow-icon=\"&#xf061;\"\n\t\tstyle=\"color: #ffffff\" \n\t\taria-hidden=\"true\"><\/span>\n\t\t\tIntegrierte Pr\u00fcffelder\t\t<\/span>\n\t\t\t<\/a>\n\t<\/div>\n<\/div><\/div><\/div><div id=\"pgc-751-0-1\"  class=\"panel-grid-cell\" ><div id=\"panel-751-0-1-0\" class=\"so-panel widget widget_sow-image panel-first-child\" data-index=\"5\" ><div\n\t\t\t\n\t\t\tclass=\"so-widget-sow-image so-widget-sow-image-default-8b5b6f678277-751\"\n\t\t\t\n\t\t>\n<div class=\"sow-image-container\">\n\t\t\t<a href=\"https:\/\/rotorlab.de\/en\/dienstleistungen\/\"\n\t\t\t\t\t>\n\t\t\t<img \n\tsrc=\"https:\/\/rotorlab.de\/wp-content\/uploads\/2017\/03\/Fotolia_106231715_S.jpg\" width=\"846\" height=\"539\" srcset=\"https:\/\/rotorlab.de\/wp-content\/uploads\/2017\/03\/Fotolia_106231715_S.jpg 846w, https:\/\/rotorlab.de\/wp-content\/uploads\/2017\/03\/Fotolia_106231715_S-300x191.jpg 300w, https:\/\/rotorlab.de\/wp-content\/uploads\/2017\/03\/Fotolia_106231715_S-768x489.jpg 768w\" sizes=\"(max-width: 846px) 100vw, 846px\" title=\"Data.\" alt=\"\" \t\tclass=\"so-widget-image\"\/>\n\t\t\t<\/a><\/div>\n\n<\/div><\/div><div id=\"panel-751-0-1-1\" class=\"so-panel widget widget_text\" data-index=\"6\" ><h3 class=\"widget-title\">Dienstleistungen<\/h3>\t\t\t<div class=\"textwidget\"><p>rotorLab verfolgt das Unternehmensziel, die Effizienz und Haltbarkeit von Rotoren und Antriebskomponenten durch spezialisierte Ingenieurdienstleistungen auf Basis dynamischer Messtechnik sowie von Simulationsrechnungen substantiell zu steigern.<\/p>\n<p>Dynamische Messungen von Geometrien und Schwingungsverhalten sind Voraussetzungen f\u00fcr die Entwicklung und das Pr\u00e4zisionswuchten von einzelnen Hochdrehzahlrotoren und mitwirkender Maschinenelemente. <\/p>\n<p>rotorLab verf\u00fcgt \u00fcber eigene Rotationsmesstechnik (orbitLab) und Register (orbitElements) zu den relevanten Maschinenelementen elektrischer sowie hybrid-elektrischer Antriebsstr\u00e4nge f\u00fcr Aviation und Automotive.  <\/p>\n<p>rotorLab hat ein neuartiges System, durch Kombination hochwertiger Laser- und Schwingungsensoren zur dynamischen Messung von Rotoren konzipiert, das eine geometrische Vermessung in mehreren Dimensionen sowie die Bestimmung von Unwuchten und Schwingungen bei hohen Drehzahlen bis \u00fcber 60.000 U\/min erm\u00f6glicht. <\/p>\n<p>Das Mess-System bestimmt neben den rotor-induzierten Schwingungen auch die Ver\u00e4nderung der Bauteilgeometrien bei h\u00f6heren Drehzahlen.<br \/>\nAuf Basis dieses Systems bietet rotorLab auch Messdienstleistungen in Brandenburg und vor Ort bei den Herstellern und Anwendern von hochschnelldrehenden Rotoren und Komponenten an. <\/p>\n<p>Neben Messtechnik und Automatisierungsl\u00f6sungen f\u00fcr den Pr\u00fcfstandsbetrieb entwickelt rotorLab maschinendynamische Auswertungs- und Simulationsprogramme (orbitSim) zur Erprobung von elektrischen sowie hybrid-elektrischen Aviation- und Traktionskomponenten f\u00fcr ausgew\u00e4hlte Missions- und Einsatzzwecke. <\/p>\n<p>Spezielle FMEA, von rotorLab entwickelt, decken fehlerhafte Annahmen hinsichtlich plastischen Werkstoffverhaltens und Berstdrehzahlen rotierender Maschinenelemente auf. Diese FMEA k\u00f6nnen ebenso auf die Kombination von Annahmen oder auf die Einsch\u00e4tzung der Dauerhaltbarkeit von Motoren, Generatoren, hybriden Systemen und Batterien bezogen werden. <\/p>\n<\/div>\n\t\t<\/div><div id=\"panel-751-0-1-2\" class=\"so-panel widget widget_sow-button\" data-index=\"7\" ><div\n\t\t\t\n\t\t\tclass=\"so-widget-sow-button so-widget-sow-button-flat-84b6222974b8-751\"\n\t\t\t\n\t\t><div class=\"ow-button-base ow-button-align-justify\"\n style=\"display: block;\">\n\t\t\t<a\n\t\t\t\t\thref=\"https:\/\/rotorlab.de\/en\/dienstleistungen\/\"\n\t\t\t\t\tclass=\"sowb-button ow-icon-placement-left ow-button-hover\" \t>\n\t\t<span>\n\t\t\t<span class=\"sow-icon-fontawesome sow-fas\" data-sow-icon=\"&#xf061;\"\n\t\tstyle=\"color: #ffffff\" \n\t\taria-hidden=\"true\"><\/span>\n\t\t\tForschung &amp; Entwicklung\t\t<\/span>\n\t\t\t<\/a>\n\t<\/div>\n<\/div><\/div><div id=\"panel-751-0-1-3\" class=\"so-panel widget widget_sow-button\" data-index=\"8\" ><div\n\t\t\t\n\t\t\tclass=\"so-widget-sow-button so-widget-sow-button-flat-84b6222974b8-751\"\n\t\t\t\n\t\t><div class=\"ow-button-base ow-button-align-justify\"\n style=\"display: block;\">\n\t\t\t<a\n\t\t\t\t\thref=\"https:\/\/rotorlab.de\/en\/dienstleistungen\/\"\n\t\t\t\t\tclass=\"sowb-button ow-icon-placement-left ow-button-hover\" \t>\n\t\t<span>\n\t\t\t<span class=\"sow-icon-fontawesome sow-fas\" data-sow-icon=\"&#xf061;\"\n\t\tstyle=\"color: #ffffff\" \n\t\taria-hidden=\"true\"><\/span>\n\t\t\tEngineering\t\t<\/span>\n\t\t\t<\/a>\n\t<\/div>\n<\/div><\/div><div id=\"panel-751-0-1-4\" class=\"so-panel widget widget_sow-button\" data-index=\"9\" ><div\n\t\t\t\n\t\t\tclass=\"so-widget-sow-button so-widget-sow-button-flat-84b6222974b8-751\"\n\t\t\t\n\t\t><div class=\"ow-button-base ow-button-align-justify\"\n style=\"display: block;\">\n\t\t\t<a\n\t\t\t\t\thref=\"https:\/\/rotorlab.de\/en\/dienstleistungen\/\"\n\t\t\t\t\tclass=\"sowb-button ow-icon-placement-left ow-button-hover\" \t>\n\t\t<span>\n\t\t\t<span class=\"sow-icon-fontawesome sow-fas\" data-sow-icon=\"&#xf061;\"\n\t\tstyle=\"color: #ffffff\" \n\t\taria-hidden=\"true\"><\/span>\n\t\t\tProjektmanagement\t\t<\/span>\n\t\t\t<\/a>\n\t<\/div>\n<\/div><\/div><div id=\"panel-751-0-1-5\" class=\"so-panel widget widget_sow-button panel-last-child\" data-index=\"10\" ><div\n\t\t\t\n\t\t\tclass=\"so-widget-sow-button so-widget-sow-button-flat-84b6222974b8-751\"\n\t\t\t\n\t\t><div class=\"ow-button-base ow-button-align-justify\"\n style=\"display: block;\">\n\t\t\t<a\n\t\t\t\t\thref=\"https:\/\/rotorlab.de\/en\/dienstleistungen\/\"\n\t\t\t\t\tclass=\"sowb-button ow-icon-placement-left ow-button-hover\" \t>\n\t\t<span>\n\t\t\t<span class=\"sow-icon-fontawesome sow-fas\" data-sow-icon=\"&#xf061;\"\n\t\tstyle=\"color: #ffffff\" \n\t\taria-hidden=\"true\"><\/span>\n\t\t\tTechnologie - Beratung\t\t<\/span>\n\t\t\t<\/a>\n\t<\/div>\n<\/div><\/div><\/div><\/div><div id=\"pg-751-1\"  class=\"panel-grid panel-no-style\" ><div id=\"pgc-751-1-0\"  class=\"panel-grid-cell panel-grid-cell-empty panel-grid-cell-mobile-last\" ><\/div><div id=\"pgc-751-1-1\"  class=\"panel-grid-cell panel-grid-cell-empty\" ><\/div><\/div><div id=\"pg-751-2\"  class=\"panel-grid panel-no-style\" ><div id=\"pgc-751-2-0\"  class=\"panel-grid-cell panel-grid-cell-empty panel-grid-cell-mobile-last\" ><\/div><div id=\"pgc-751-2-1\"  class=\"panel-grid-cell panel-grid-cell-empty\" ><\/div><\/div><\/div>","protected":false},"excerpt":{"rendered":"<p>rotorLab hat sich auf die Entwicklung von Hochdrehzahl-Pr\u00fcfst\u00e4nden und integrierten Pr\u00fcffeldern f\u00fcr elektrische und hybrid-elektrische Antriebssysteme konzentriert. S\u00e4mtliche Einzelkomponenten und Module elektrischer Antriebe (Wellen, Rotoren, Motoren, Inverter und Batteriesysteme sowie Spezialanwendungen) werden auf HiL-Pr\u00fcfst\u00e4nden von rotorLab (Hardware-in-the-Loop) erprobt. Die Rotationspr\u00fcfst\u00e4nde f\u00fcr die Bereiche bis [&hellip;]<\/p>\n","protected":false},"author":1,"featured_media":0,"parent":0,"menu_order":0,"comment_status":"closed","ping_status":"closed","template":"","meta":{"footnotes":""},"class_list":["post-751","page","type-page","status-publish","hentry","post"],"_links":{"self":[{"href":"https:\/\/rotorlab.de\/en\/wp-json\/wp\/v2\/pages\/751","targetHints":{"allow":["GET"]}}],"collection":[{"href":"https:\/\/rotorlab.de\/en\/wp-json\/wp\/v2\/pages"}],"about":[{"href":"https:\/\/rotorlab.de\/en\/wp-json\/wp\/v2\/types\/page"}],"author":[{"embeddable":true,"href":"https:\/\/rotorlab.de\/en\/wp-json\/wp\/v2\/users\/1"}],"replies":[{"embeddable":true,"href":"https:\/\/rotorlab.de\/en\/wp-json\/wp\/v2\/comments?post=751"}],"version-history":[{"count":96,"href":"https:\/\/rotorlab.de\/en\/wp-json\/wp\/v2\/pages\/751\/revisions"}],"predecessor-version":[{"id":1566,"href":"https:\/\/rotorlab.de\/en\/wp-json\/wp\/v2\/pages\/751\/revisions\/1566"}],"wp:attachment":[{"href":"https:\/\/rotorlab.de\/en\/wp-json\/wp\/v2\/media?parent=751"}],"curies":[{"name":"wp","href":"https:\/\/api.w.org\/{rel}","templated":true}]}}